{"id":207,"date":"2019-10-01T12:52:02","date_gmt":"2019-10-01T11:52:02","guid":{"rendered":"https:\/\/notarcomitato.com\/satzungen-des-oesterreichisch-italienischen-komitees-des-notariates\/"},"modified":"2019-10-01T12:57:11","modified_gmt":"2019-10-01T11:57:11","slug":"statuto-del-comitato-italo-austriaco-del-notariato","status":"publish","type":"page","link":"https:\/\/notarcomitato.com\/it\/statuto-del-comitato-italo-austriaco-del-notariato\/","title":{"rendered":"Statuto del Comitato italo-austriaco del Notariato"},"content":{"rendered":"\n<p><em>(approvato all\u00b4unanimit\u00e1 a Tarvisio il 1\/10\/2011)<\/em><\/p>\n\n\n\n<p><strong>Articolo I &#8211;&nbsp;<\/strong><em>Denominazione e sede<\/em><\/p>\n\n\n\n<p>La denominazione del Comitato costituito il 24 ottobre 1975 a Innsbruck e il cui Statuto \u00e8 stato successivamente modificato e approvato dalle assemblee generali tenutesi a Bolzano l&#8217;11 novembre 1978, a Villach-Warmbad il 21 novembre 1981, a Zell am Ziller\/Mayrhofen\/Tirol il 12 ottobre 1996, a Feltre il 24 settembre 2005 ed a Tarvisio il 1 ottobre 2011, \u00e8:<\/p>\n\n\n\n<p><strong>Comitato-italo austriaco del Notariato<\/strong><\/p>\n\n\n\n<p>in forma abbreviata<\/p>\n\n\n\n<p><strong>Notarcomitato<\/strong><\/p>\n\n\n\n<p>Il Comitato agir\u00e0 in futuro sotto tale forma abbreviata<\/p>\n\n\n\n<p>Il Comitato ha sede in Bolzano. L&#8217;ufficio si trova presso la sede del &nbsp;Consiglio Notarile di Bolzano.<\/p>\n\n\n\n<p><strong>Articolo II<\/strong>&nbsp;&#8211;&nbsp;<em>Scopo<\/em><\/p>\n\n\n\n<p>Scopo del Comitato \u00e8 la collaborazione transfrontaliera fra notai, ed in particolare tra quelli delle Province italiane e dei Bundesl\u00e4nder austriaci confinanti, ma anche la facilitazione dei contatti internazionali dei notariati coinvolti con notai o &nbsp;notariati di altri Stati confinanti, e in particolare la collaborazione con notai o notariati in Baviera.<\/p>\n\n\n\n<p>Ulteriore scopo \u00e8 l&#8217;incentivazione dello scambio transfrontaliero di conoscenze scientifiche.<\/p>\n\n\n\n<p>Tale collaborazione viene perseguita &nbsp;sia fra i rispettivi Collegi e Consigli Notarili, che fra singoli Notai. Il modo e l&#8217;ambito di questa collaborazione sono regolati dal presente statuto.<\/p>\n\n\n\n<p>Il Comitato svolge la sua attivit\u00e0 d&#8217;intesa con le organizzazioni notarili nazionali, regionali e locali dei Paesi membri.<\/p>\n\n\n\n<p><strong>Articolo III<\/strong>&nbsp;&#8211;&nbsp;<em>Membri<\/em><\/p>\n\n\n\n<p>Sono membri del Comitato:<\/p>\n\n\n\n<ul><li>la&nbsp;<em>\u00d6sterreichische Notariatskammer e&nbsp;<\/em>il&nbsp;<em>Consiglio Nazionale del Notariato Italiano,&nbsp;<\/em><\/li><li>la Landesnotarkammer Bayern,<\/li><li>l&#8217;organizzazione &#8220;<em>Comitato Interregionale dei Consigli Notarili delle Tre Venezie<\/em>&#8220;,<\/li><li>la&nbsp;<em>Notariatskammer f\u00fcr Tirol e Vorarlberg, la Notariatskammer f\u00fcr K\u00e4rnten,&nbsp;<\/em>il&nbsp;<em>Consiglio Notarile di Bolzano<\/em>, il&nbsp;<em>Consiglio Notarile di Trento e Rovereto<\/em>, il&nbsp;<em>Consiglio Notarile di Belluno<\/em>, il&nbsp;<em>Consiglio Notarile di Udine e Tolmezzo<\/em>, il&nbsp;<em>Consiglio Notarile di Gorizia e<\/em>&nbsp;il&nbsp;<em>Consiglio Notarile di Trieste<\/em>,<\/li><li>i notai iscritti nei Collegi Notarili indicati sotto la precedente lettera d) ed i candidati Notai dei Collegi Notarili Tirol\/Vorarlberg e K\u00e4rnten ed i notai bavaresi (anche assessori notai) con sede nelle circoscrizioni dei Tribunali di Augsburg, Kempten, Memmingen e Monaco,<\/li><li>i Notai in pensione, gi\u00e0 iscritti nei Collegi Notarili e nelle Notariatskammern di cui qui sopra alla lettera d) o nei collegi della Landesnotarkammer Bayern (ma con limitazione alle circoscrizioni dei Tribunali di Augsburg, Kempten, Memmingen e Monaco) o che abbiano collaborato con il Comitato quali delegati di organismi membri.<\/li><\/ul>\n\n\n\n<p><strong>Articolo IV<\/strong>&nbsp;&#8211;&nbsp;<em>Ufficio&nbsp;<\/em><\/p>\n\n\n\n<p>Per la concreta attuazione e per la gestione, sotto il profilo tecnico, della collaborazione \u00e8 istituito un apposito&nbsp;<em>Ufficio.<\/em><\/p>\n\n\n\n<p>L&#8217;ufficio, presso il quale si trova l&#8217;archivio del Comitato e sono conservati gli atti e documenti del Comitato, si trova presso la sede del Consiglio Notarile di Bolzano.<\/p>\n\n\n\n<p><strong>Articolo V<\/strong>&nbsp;&#8211;&nbsp;<em>Organi<\/em><\/p>\n\n\n\n<p>1. Sono&nbsp;<em>organi<\/em>&nbsp;del Comitato:<\/p>\n\n\n\n<ul><li>l&#8217;Assemblea generale,<\/li><li>il Consiglio Direttivo.<\/li><\/ul>\n\n\n\n<p>2. Partecipano all&#8217;<strong><em>Assemblea generale<\/em><\/strong>:<\/p>\n\n\n\n<ul><li>non pi\u00f9 di tre delegati del Consiglio Nazionale del Notariato Italiano, non pi\u00f9 di tre delegati della \u00d6sterreichische Notariatskammer,&nbsp; non pi\u00f9 di tre delegati del Comitato Interregionale dei Consigli Notarili delle Tre Venezie e della Landesnotarkammer Bayern, tra cui di regola, i rispettivi Presidenti;<\/li><li>un rappresentante, di norma il Presidente pro tempore, per ciascuno dei Consigli Notarili di Bolzano, di Trento e Rovereto, di Belluno, di Udine e Tolmezzo, di Gorizia e di Trieste, della Notariatskammer f\u00fcr Tirol und Vorarlberg e della Notariatskammer f\u00fcr K\u00e4rnten;<\/li><li>i notai appartenenti ai collegi dei Consigli Notarili e delle Notariatskammern sopra elencati all&#8217;Articolo III lettera c), nonch\u00e9 i candidati notai appartenenti alla Notariatskammer f\u00fcr Tirol und Vorarlberg ed alla Notariatskammer f\u00fcr K\u00e4rnten, cosicch\u00e9 i notai bavaresi e assessori notai, con sede o studi nelle circoscrizioni dei Tribunali Augsburg, Kempten, Memmingen e Monaco, e<\/li><li>i notai a riposo, come all&#8217;Articolo III, lettera f).<\/li><\/ul>\n\n\n\n<p>3. II&nbsp;<strong><em>Consiglio Direttivo<\/em><\/strong>&nbsp;\u00e8 composto:<\/p>\n\n\n\n<ul><li>dal&nbsp;<em>Presidente<\/em>, eletto dall&#8217;assemblea generale per la durata di un anno;<\/li><li>dal&nbsp;<em>Vicepresidente<\/em>,&nbsp; eletto dall&#8217;assemblea per la durata di un anno;<\/li><li>dal Capo-coordinatore e da due Vice-coordinatori;<\/li><li>dal collega che nell&#8217;anno precedente ha ricoperto la carica di presidente.<\/li><\/ul>\n\n\n\n<p><strong>Articolo VI<\/strong>&nbsp;&#8211;&nbsp;<em><strong>Convocazione, Membri, Nomina del Consiglio Direttivo e Compiti<\/strong><\/em><\/p>\n\n\n\n<p>Il Consiglio Direttivo viene convocato dal Presidente quando egli lo ritenga necessario e nel luogo da lui scelto.<\/p>\n\n\n\n<p>I compiti del Consiglio Direttivo sono di norma i seguenti:<\/p>\n\n\n\n<p><strong>1.&nbsp;II&nbsp;<em>Presidente:<\/em><\/strong><\/p>\n\n\n\n<p>II Presidente dirige le riunioni del Consiglio Direttivo e delle assemblee generali e rappresenta il Comitato nei confronti dei terzi.<\/p>\n\n\n\n<p><strong>2. II Vicepresidente:<\/strong><\/p>\n\n\n\n<p>Il Vicepresidente sostituisce il Presidente nella direzione del Comitato in caso di suo impedimento e lo assiste nei rapporti con il Paese cui appartiene.<\/p>\n\n\n\n<p>Il medesimo incarico spetta anche all&#8217;ex-Presidente, membro del Consiglio Direttivo.<\/p>\n\n\n\n<p>L&#8217;elezione del Presidente e del Vicepresidente \u00e8 fatta dall&#8217;assemblea generale. Essi restano in carica per la durata di un anno e comunque fino alla nomina dei successori.<\/p>\n\n\n\n<p>II Presidente e il Vicepresidente sono eletti tra i notai in esercizio, membri del Comitato o delegati delle organizzazioni partecipanti, un anno fra i notai austriaci, un anno fra i notai italiani, ed un anno fra i notai germanici, ed infine ricominciando dall&#8217;inizio seguendo l&#8217;ordine stabilito, su proposta del rispettivo gruppo nazionale. Il Vicepresidente \u00e8 eletto fra i notai dell&#8217;altro Stato in cui ha luogo l&#8217;assemblea generale successiva in base all&#8217;ordine stabilito.<\/p>\n\n\n\n<p><strong>3. I&nbsp;coordinatori:<\/strong><\/p>\n\n\n\n<p>II&nbsp;<strong><em>Capo-coordinatore<\/em><\/strong>&nbsp;\u00e8 un notaio in esercizio o a riposo, nominato per la durata di quattro anni dall&#8217;Assemblea generale, su proposta del Consiglio Notarile di Bolzano. \u00c8 suo compito far s\u00ec che tutti i contatti si svolgano sia in lingua italiana che in lingua tedesca, e che anche gli scritti siano estesi nelle due lingue.<\/p>\n\n\n\n<p>Egli dirige l&#8217;Ufficio del Comitato, ne conserva la documentazione, ne sbriga la corrispondenza.<\/p>\n\n\n\n<p>Svolge in genere la sua attivit\u00e0 in accordo con il Presidente e il Vicepresidente, cosicch\u00e9 d&#8217;intesa con i due vicecoordinatori. Il Presidente e il Vicepresidente hanno un potere direttivo.<\/p>\n\n\n\n<p>Il&nbsp;<strong><em>primo Vice-coordinatore<\/em><\/strong>&nbsp;\u00e8 un notaio attivo o un candidato notaio che appartiene ad uno dei Collegi della Notariatskammer f\u00fcr Tirol und Vorarlberg o della Notariatskammer f\u00fcr K\u00e4rnten. Sar\u00e0 nominato su proposta del Capo-coordinatore dall\u2019assemblea generale per un periodo di quattro anni. Il Capo-coordinatore dovr\u00e0 comunque tener conto delle proposte sottopostegli dai Collegi sopra citati.<\/p>\n\n\n\n<p>Anch&#8217;egli dovr\u00e0 essere possibilmente in grado di colloquiare sia in lingua tedesca sia in lingua italiana e di redigere scritti in entrambe le lingue. Egli svolge la propria attivit\u00e0 in accordo con il Capo-coordinatore e d&#8217;intesa con il secondo Vice-coordinatore. Per il restante con il Presidente e il Vicepresidente, ossia secondo le loro direttive.<\/p>\n\n\n\n<p>Il&nbsp;<strong><em>secondo vice-coordinatore<\/em><\/strong>&nbsp;\u00e8 un membro del Notaren-oder Notarassessorenkreis in Bavaria, che appartengono alle circoscrizioni dei Tribunali di Augusta, Kempten, Memmingen e Monaco. Anche esso sar\u00e0 nominato su proposta del Capo-coordinatore e in consultazione con il primo Vice-coordinatore dall&#8217;assemblea generale per un periodo di quattro anni. Il Capo-coordinatore deve osservare le proposte di tale collegio.<\/p>\n\n\n\n<p>Anch&#8217;egli dovr\u00e0 essere possibilmente in grado di colloquiare sia in lingua tedesca sia in lingua italiana e di redigere scritti in entrambe le lingue. Egli svolge la propria attivit\u00e0 in accordo con il Capo-coordinatore e d&#8217;intesa con il primo Vice-coordinatore e &nbsp;con il Presidente e il Vicepresidente secondo le loro direttive.<\/p>\n\n\n\n<p><strong>4.&nbsp;Compiti del Consiglio direttivo<\/strong><\/p>\n\n\n\n<p>II&nbsp;<em>Consiglio Direttivo<\/em>&nbsp;persegue e cura il raggiungimento degli scopi del Comitato; prende le sue deliberazioni con la maggioranza dei voti espressi. E&#8217; validamente costituito con la presenza di almeno tre dei suoi membri.<\/p>\n\n\n\n<p>Il Consiglio Direttivo esegue e mette in pratica le deliberazioni prese dall&#8217;Assemblea generale.<\/p>\n\n\n\n<p>Il Consiglio Direttivo approva di anno in anno un programma di lavoro e le direttive per la relativa esecuzione. Predispone un piano di finanziamento e cura la raccolta dei fondi necessari.<\/p>\n\n\n\n<p>Per il raggiungimento degli scopi del Comitato il Consiglio Direttivo deve mirare principalmente ai seguenti obiettivi e perseguirli, dopo aver ottenuto l&#8217;approvazione dell&#8217;Assemblea generale:<\/p>\n\n\n\n<ul><li>scambio di esperienze professionali e di altre informazioni specifiche per la categoria, mediante la nomina di appositi relatori nelle assemblee generali, &nbsp;la stampa di pubblicazioni;<\/li><li>&nbsp;agevolare &nbsp;i contatti fra i membri del Comitato per lo svolgimento dell&#8217;attivit\u00e0 professionale;<\/li><li>&nbsp;rendere possibile lo scambio di personale (candidati notai, assessori notai e dipendenti dello studio notarile), sempre che ci\u00f2 sia compatibile con i rispettivi ordinamenti nazionali, ai fini di intensificare le esperienze;<\/li><li>&nbsp;tutelare gli interessi regionali della categoria nella Comunit\u00e0 Europea e nelle Associazioni Internazionali del notariato;<\/li><li>&nbsp;ideazione e gestione di una pagina web sulla quale vi saranno informazioni sul comitato stesso.<\/li><\/ul>\n\n\n\n<p>La pagina web \u00e8 curata &nbsp;principalmente dal primo Vice-coordinatore.<\/p>\n\n\n\n<p>La creazione di contatti e lo scambio di informazioni con le universit\u00e0 e altri istituti di ricerca ricorrendo soprattutto alla pagina web come portale di comunicazione; questi compiti vengono assunti principalmente dal secondo Vice-coordinatore.<\/p>\n\n\n\n<p><strong>Articolo VII<\/strong><em>&nbsp;&#8211;&nbsp;<strong>L&#8217;Assemblea generale<\/strong><\/em><\/p>\n\n\n\n<p>I membri del Comitato vengono convocati per l&#8217;Assemblea generale almeno una volta all&#8217;anno a cura del Presidente in carica, nello stesso giorno del Convegno disciplinato all&#8217;Art. VIII.<\/p>\n\n\n\n<p>La convocazione ha luogo mediante pubblicazione sul sito web del Comitato, che deve avvenire entro il 30 agosto di ogni anno.<\/p>\n\n\n\n<p>L&#8217;Assemblea generale, il cui ordine del giorno viene stabilito e gestito dal Presidente, in accordo con il Consiglio Direttivo, fissa le direttive dello scambio di informazioni specialistiche e di esperienze e della intensificazione dei contatti fra i Notariati nazionali partecipanti e fra i singoli notai, nonch\u00e9 dell&#8217;ulteriore attivit\u00e0 del Comitato.<\/p>\n\n\n\n<p>Spettano in particolare all&#8217;Assemblea generale:<\/p>\n\n\n\n<ul><li>l&#8217;elezione (nomina e conferma) dei membri del Consiglio Direttivo e revoca degli stessi,<\/li><li>le delibere su proposte del Consiglio Direttivo o di membri tramite il Consiglio Direttivo,<\/li><li>le delibere su modificazioni dello Statuto,<\/li><li>le delibere sull&#8217;ammissione di nuovi membri ai sensi delle norme dell&#8217;art. 10.<\/li><\/ul>\n\n\n\n<p>Nell&#8217;assemblea generale hanno diritto al voto tutti i membri previsti dall&#8217;art. III.<\/p>\n\n\n\n<p>Le deliberazioni (elezioni, nomina e convalide) dell&#8217;Assemblea generale sono validamente prese con la maggioranza di tre quarti dei voti espressi.<\/p>\n\n\n\n<p>Se regolarmente convocata, essa \u00e8 validamente costituita qualunque sia il numero di membri intervenuti.<\/p>\n\n\n\n<p><strong>Articolo VIII&nbsp;<\/strong>&#8211;&nbsp;<em>Convegni<\/em><\/p>\n\n\n\n<p>Il Comitato organizza una volta l&#8217;anno una giornata di studio per lo scambio di conoscenze scientifiche<\/p>\n\n\n\n<p>Tema, luogo e data della giornata di studio sono&nbsp; determinati dal Presidente sentito il Consiglio direttivo.<\/p>\n\n\n\n<p>Sono invitati ad intervenire alle giornate di studio:<\/p>\n\n\n\n<ul><li>tutti i membri del Notarcomitato,<\/li><li>il Presidente o un suo delegato dell\u2019 Unione del Notariato Latino<em>,<\/em><\/li><li>il consigliere della Cassa nazionale del notariato dei collegi membri,<\/li><li>un membro del Consiglio Direttivo o il procuratore della \u201cNotartreuhandbank\u201d austriaca,<\/li><li>un membro del Consiglio Direttivo o il procuratore del Bayrischen Notarverein e.V. e della bayrischen Notarkasse Anstalt des \u00f6ffentlichen Rechts,<\/li><li>i Presidenti delle Corti d&#8217;Appello e dei Tribunali del Bundesland Tirol\/Vorarlberg e del Bundesland K\u00e4rnten, competenti per la regione nel quale si svolge il convengo in Austria,<\/li><li>un rappresentante della &#8220;Versicherungsanstalt&#8221; del Notariato austriaco,<\/li><li>il Presidente della Landesnotarkammer della Baviera,<\/li><li>il Presidente del Tribunale di Augsten, Kempten, Memmingen e Monaco, se la giornata di studio ha luogo nella rispettiva circoscrizione.<\/li><\/ul>\n\n\n\n<p><em><strong>Articolo IX &#8211;&nbsp;<\/strong>Mezzi finanziari e rimborso spese<\/em><\/p>\n\n\n\n<p>Per quanto attiene ai mezzi necessari per il funzionamento dell&#8217;Ufficio ed il rimborso delle spese, il Consiglio Direttivo predispone ogni anno un piano di finanziamento e chiede ai Consigli Notarili e alle Notariatskammern la relativa copertura.<\/p>\n\n\n\n<p>Inoltre gli oneri necessari, in particolare per lo svolgimento degli incontri annuali, sono coperti dai partecipanti stessi o da sponsor.<\/p>\n\n\n\n<p>L&#8217;attivit\u00e0 dei membri del Consiglio Direttivo, compresa quella dei coordinatori,\u00e8 onoraria; solo ai coordinatori spetta un rimborso spese.<\/p>\n\n\n\n<p><strong>Articolo XI &#8211;&nbsp;<\/strong><em>Riconoscimenti ad honorem<\/em><\/p>\n\n\n\n<p>Su proposta del Consiglio Direttivo l&#8217;Assemblea generale pu\u00f2, per meriti particolari, nominare notai fondatori o che abbiano gi\u00e0 coperto la carica di Presidente del Comitato, a Presidenti onorari.<\/p>\n\n\n\n<p>Sempre su proposta del Consiglio Direttivo l&#8217;Assemblea generale pu\u00f2 nominare a Membri onorari del Comitato altri membri del Comitato, o anche altre personalit\u00e0 che abbiano meritato nei confronti del Comitato.<\/p>\n\n\n\n<p>Essi hanno diritto di partecipare alle riunioni del Comitato. Nessun altro diritto \u00e8 collegato al riconoscimento.<\/p>\n\n\n\n<p><strong>Articolo XII &#8211;&nbsp;<\/strong><em>Dposizioni finali<\/em><\/p>\n\n\n\n<p>II presente Statuto abroga le norme statutarie fino ad oggi in vigore.<\/p>\n\n\n\n<p>Esso \u00e8 redatto sia in lingua italiana che in lingua tedesca ed entrambe le versioni valgono come testo originale.<\/p>\n\n\n\n<p>II presente Statuto viene firmato dal Presidente, dal Vicepresidente, dal Capo-coordinatore e dai due Vice-coordinatori del Comitato, a ci\u00f2 autorizzati dall&#8217;Assemblea generale.<\/p>\n\n\n\n<p>Lo Statuto cos\u00ec approvato (in lingua italiana e tedesca) verr\u00e0 conservato nella sede del Comitato e ricaricabile sul sito web del Notarcomitato; a richiesta, ogni membro pu\u00f2 ottenerne copia.<\/p>\n\n\n\n<p><em>Tarvisio, il 1 ottobre 2011<\/em><\/p>\n","protected":false},"excerpt":{"rendered":"<p>(approvato all\u00b4unanimit\u00e1 a Tarvisio il 1\/10\/2011) Articolo I &#8211;&nbsp;Denominazione e sede La denominazione del Comitato costituito il 24 ottobre 1975 a Innsbruck e il cui Statuto \u00e8 stato successivamente modificato e approvato dalle assemblee generali &hellip;<\/p>\n<p class=\"read-more\"> <a class=\"\" href=\"https:\/\/notarcomitato.com\/it\/statuto-del-comitato-italo-austriaco-del-notariato\/\"> <span class=\"screen-reader-text\">Statuto del Comitato italo-austriaco del Notariato<\/span> Leggi altro &raquo;<\/a><\/p>\n","protected":false},"author":1,"featured_media":0,"parent":0,"menu_order":0,"comment_status":"closed","ping_status":"closed","template":"","meta":{"advgb_blocks_editor_width":"","advgb_blocks_columns_visual_guide":"","site-sidebar-layout":"no-sidebar","site-content-layout":"default","ast-global-header-display":"","ast-main-header-display":"","ast-hfb-above-header-display":"","ast-hfb-below-header-display":"","ast-hfb-mobile-header-display":"","site-post-title":"","ast-breadcrumbs-content":"","ast-featured-img":"","footer-sml-layout":"","theme-transparent-header-meta":"default","adv-header-id-meta":"","stick-header-meta":"default","header-above-stick-meta":"","header-main-stick-meta":"","header-below-stick-meta":""},"acf":[],"yoast_head":"<!-- This site is optimized with the Yoast SEO plugin v19.2 - https:\/\/yoast.com\/wordpress\/plugins\/seo\/ -->\n<title>Statuto del Comitato italo-austriaco del Notariato - Notarcomitato<\/title>\n<meta name=\"robots\" content=\"index, follow, max-snippet:-1, max-image-preview:large, max-video-preview:-1\" \/>\n<link rel=\"canonical\" href=\"https:\/\/notarcomitato.com\/it\/statuto-del-comitato-italo-austriaco-del-notariato\/\" \/>\n<meta property=\"og:locale\" content=\"it_IT\" \/>\n<meta property=\"og:type\" content=\"article\" \/>\n<meta property=\"og:title\" content=\"Statuto del Comitato italo-austriaco del Notariato - Notarcomitato\" \/>\n<meta property=\"og:description\" content=\"(approvato all\u00b4unanimit\u00e1 a Tarvisio il 1\/10\/2011) Articolo I &#8211;&nbsp;Denominazione e sede La denominazione del Comitato costituito il 24 ottobre 1975 a Innsbruck e il cui Statuto \u00e8 stato successivamente modificato e approvato dalle assemblee generali &hellip; Statuto del Comitato italo-austriaco del Notariato Leggi altro &raquo;\" \/>\n<meta property=\"og:url\" content=\"https:\/\/notarcomitato.com\/it\/statuto-del-comitato-italo-austriaco-del-notariato\/\" \/>\n<meta property=\"og:site_name\" content=\"Notarcomitato\" \/>\n<meta property=\"article:modified_time\" content=\"2019-10-01T11:57:11+00:00\" \/>\n<meta name=\"author\" content=\"admin\" \/>\n<meta name=\"twitter:card\" content=\"summary_large_image\" \/>\n<meta name=\"twitter:label1\" content=\"Tempo di lettura stimato\" \/>\n\t<meta name=\"twitter:data1\" content=\"10 minuti\" \/>\n<script type=\"application\/ld+json\" class=\"yoast-schema-graph\">{\"@context\":\"https:\/\/schema.org\",\"@graph\":[{\"@type\":\"WebSite\",\"@id\":\"https:\/\/notarcomitato.com\/#website\",\"url\":\"https:\/\/notarcomitato.com\/\",\"name\":\"Notarcomitato\",\"description\":\"Italienisches Komitee des Notariats\",\"potentialAction\":[{\"@type\":\"SearchAction\",\"target\":{\"@type\":\"EntryPoint\",\"urlTemplate\":\"https:\/\/notarcomitato.com\/?s={search_term_string}\"},\"query-input\":\"required name=search_term_string\"}],\"inLanguage\":\"it-IT\"},{\"@type\":\"WebPage\",\"@id\":\"https:\/\/notarcomitato.com\/it\/statuto-del-comitato-italo-austriaco-del-notariato\/#webpage\",\"url\":\"https:\/\/notarcomitato.com\/it\/statuto-del-comitato-italo-austriaco-del-notariato\/\",\"name\":\"Statuto del Comitato italo-austriaco del Notariato - Notarcomitato\",\"isPartOf\":{\"@id\":\"https:\/\/notarcomitato.com\/#website\"},\"datePublished\":\"2019-10-01T11:52:02+00:00\",\"dateModified\":\"2019-10-01T11:57:11+00:00\",\"breadcrumb\":{\"@id\":\"https:\/\/notarcomitato.com\/it\/statuto-del-comitato-italo-austriaco-del-notariato\/#breadcrumb\"},\"inLanguage\":\"it-IT\",\"potentialAction\":[{\"@type\":\"ReadAction\",\"target\":[\"https:\/\/notarcomitato.com\/it\/statuto-del-comitato-italo-austriaco-del-notariato\/\"]}]},{\"@type\":\"BreadcrumbList\",\"@id\":\"https:\/\/notarcomitato.com\/it\/statuto-del-comitato-italo-austriaco-del-notariato\/#breadcrumb\",\"itemListElement\":[{\"@type\":\"ListItem\",\"position\":1,\"name\":\"Startseite\",\"item\":\"https:\/\/notarcomitato.com\/it\/\"},{\"@type\":\"ListItem\",\"position\":2,\"name\":\"Statuto del Comitato italo-austriaco del Notariato\"}]}]}<\/script>\n<!-- \/ Yoast SEO plugin. -->","yoast_head_json":{"title":"Statuto del Comitato italo-austriaco del Notariato - Notarcomitato","robots":{"index":"index","follow":"follow","max-snippet":"max-snippet:-1","max-image-preview":"max-image-preview:large","max-video-preview":"max-video-preview:-1"},"canonical":"https:\/\/notarcomitato.com\/it\/statuto-del-comitato-italo-austriaco-del-notariato\/","og_locale":"it_IT","og_type":"article","og_title":"Statuto del Comitato italo-austriaco del Notariato - Notarcomitato","og_description":"(approvato all\u00b4unanimit\u00e1 a Tarvisio il 1\/10\/2011) Articolo I &#8211;&nbsp;Denominazione e sede La denominazione del Comitato costituito il 24 ottobre 1975 a Innsbruck e il cui Statuto \u00e8 stato successivamente modificato e approvato dalle assemblee generali &hellip; Statuto del Comitato italo-austriaco del Notariato Leggi altro &raquo;","og_url":"https:\/\/notarcomitato.com\/it\/statuto-del-comitato-italo-austriaco-del-notariato\/","og_site_name":"Notarcomitato","article_modified_time":"2019-10-01T11:57:11+00:00","author":"admin","twitter_card":"summary_large_image","twitter_misc":{"Tempo di lettura stimato":"10 minuti"},"schema":{"@context":"https:\/\/schema.org","@graph":[{"@type":"WebSite","@id":"https:\/\/notarcomitato.com\/#website","url":"https:\/\/notarcomitato.com\/","name":"Notarcomitato","description":"Italienisches Komitee des Notariats","potentialAction":[{"@type":"SearchAction","target":{"@type":"EntryPoint","urlTemplate":"https:\/\/notarcomitato.com\/?s={search_term_string}"},"query-input":"required name=search_term_string"}],"inLanguage":"it-IT"},{"@type":"WebPage","@id":"https:\/\/notarcomitato.com\/it\/statuto-del-comitato-italo-austriaco-del-notariato\/#webpage","url":"https:\/\/notarcomitato.com\/it\/statuto-del-comitato-italo-austriaco-del-notariato\/","name":"Statuto del Comitato italo-austriaco del Notariato - Notarcomitato","isPartOf":{"@id":"https:\/\/notarcomitato.com\/#website"},"datePublished":"2019-10-01T11:52:02+00:00","dateModified":"2019-10-01T11:57:11+00:00","breadcrumb":{"@id":"https:\/\/notarcomitato.com\/it\/statuto-del-comitato-italo-austriaco-del-notariato\/#breadcrumb"},"inLanguage":"it-IT","potentialAction":[{"@type":"ReadAction","target":["https:\/\/notarcomitato.com\/it\/statuto-del-comitato-italo-austriaco-del-notariato\/"]}]},{"@type":"BreadcrumbList","@id":"https:\/\/notarcomitato.com\/it\/statuto-del-comitato-italo-austriaco-del-notariato\/#breadcrumb","itemListElement":[{"@type":"ListItem","position":1,"name":"Startseite","item":"https:\/\/notarcomitato.com\/it\/"},{"@type":"ListItem","position":2,"name":"Statuto del Comitato italo-austriaco del Notariato"}]}]}},"coauthors":[],"author_meta":{"author_link":"https:\/\/notarcomitato.com\/it\/author\/daniel_z2gy5a1k\/","display_name":"admin"},"relative_dates":{"created":"Posted 7 anni ago","modified":"Updated 7 anni ago"},"absolute_dates":{"created":"Posted on 1. Ottobre 2019","modified":"Updated on 1. Ottobre 2019"},"absolute_dates_time":{"created":"Posted on 1. Ottobre 2019 12:52","modified":"Updated on 1. Ottobre 2019 12:57"},"featured_img_caption":"","featured_img":false,"series_order":"","uagb_featured_image_src":{"full":false,"thumbnail":false,"medium":false,"medium_large":false,"large":false,"1536x1536":false,"2048x2048":false},"uagb_author_info":{"display_name":"admin","author_link":"https:\/\/notarcomitato.com\/it\/author\/daniel_z2gy5a1k\/"},"uagb_comment_info":0,"uagb_excerpt":"(approvato all\u00b4unanimit\u00e1 a Tarvisio il 1\/10\/2011) Articolo I &#8211;&nbsp;Denominazione e sede La denominazione del Comitato costituito il 24 ottobre 1975 a Innsbruck e il cui Statuto \u00e8 stato successivamente modificato e approvato dalle assemblee generali &hellip; Statuto del Comitato italo-austriaco del Notariato Leggi altro &raquo;","_links":{"self":[{"href":"https:\/\/notarcomitato.com\/it\/wp-json\/wp\/v2\/pages\/207"}],"collection":[{"href":"https:\/\/notarcomitato.com\/it\/wp-json\/wp\/v2\/pages"}],"about":[{"href":"https:\/\/notarcomitato.com\/it\/wp-json\/wp\/v2\/types\/page"}],"author":[{"embeddable":true,"href":"https:\/\/notarcomitato.com\/it\/wp-json\/wp\/v2\/users\/1"}],"replies":[{"embeddable":true,"href":"https:\/\/notarcomitato.com\/it\/wp-json\/wp\/v2\/comments?post=207"}],"version-history":[{"count":1,"href":"https:\/\/notarcomitato.com\/it\/wp-json\/wp\/v2\/pages\/207\/revisions"}],"predecessor-version":[{"id":209,"href":"https:\/\/notarcomitato.com\/it\/wp-json\/wp\/v2\/pages\/207\/revisions\/209"}],"wp:attachment":[{"href":"https:\/\/notarcomitato.com\/it\/wp-json\/wp\/v2\/media?parent=207"}],"curies":[{"name":"wp","href":"https:\/\/api.w.org\/{rel}","templated":true}]}}